{"id":25998,"date":"2018-09-20T10:52:05","date_gmt":"2018-09-20T08:52:05","guid":{"rendered":"https:\/\/drjromero-otero.com\/enpolitica-de-privacidad\/"},"modified":"2021-11-16T11:40:00","modified_gmt":"2021-11-16T10:40:00","slug":"privacy","status":"publish","type":"page","link":"https:\/\/drjromero-otero.com\/en\/privacy\/","title":{"rendered":"Privacy Policy"},"content":{"rendered":"\t\t<div data-elementor-type=\"wp-page\" data-elementor-id=\"25998\" class=\"elementor elementor-25998 elementor-3\" data-elementor-post-type=\"page\">\n\t\t\t\t\t\t<section class=\"elementor-section elementor-top-section elementor-element elementor-element-56ee77e elementor-section-boxed elementor-section-height-default elementor-section-height-default\" data-id=\"56ee77e\" data-element_type=\"section\" data-e-type=\"section\">\n\t\t\t\t\t\t<div class=\"elementor-container elementor-column-gap-default\">\n\t\t\t\t\t<div class=\"elementor-column elementor-col-100 elementor-top-column elementor-element elementor-element-433c9087\" data-id=\"433c9087\" data-element_type=\"column\" data-e-type=\"column\">\n\t\t\t<div class=\"elementor-widget-wrap elementor-element-populated\">\n\t\t\t\t\t\t<div class=\"elementor-element elementor-element-85bc3f8 elementor-widget elementor-widget-heading\" data-id=\"85bc3f8\" data-element_type=\"widget\" data-e-type=\"widget\" data-widget_type=\"heading.default\">\n\t\t\t\t<div class=\"elementor-widget-container\">\n\t\t\t\t\t<h2 class=\"elementor-heading-title elementor-size-default\">Aviso Legal<\/h2>\t\t\t\t<\/div>\n\t\t\t\t<\/div>\n\t\t\t\t<div class=\"elementor-element elementor-element-43a9ed9 elementor-widget elementor-widget-text-editor\" data-id=\"43a9ed9\" data-element_type=\"widget\" data-e-type=\"widget\" data-widget_type=\"text-editor.default\">\n\t\t\t\t<div class=\"elementor-widget-container\">\n\t\t\t\t\t\t\t\t\t<p><strong>DATOS IDENTIFICATIVOS: <\/strong><\/p>\n<p>En cumplimiento con el deber de informaci\u00f3n recogido en art\u00edculo 10 de la Ley 34\/2002, de 11 de julio, de Servicios de la Sociedad de la Informaci\u00f3n y del Comercio Electr\u00f3nico (LSSICE), el PROPIETARIO DE LA WEB, le informa de lo siguiente:<\/p>\n<p>Denominaci\u00f3n social: <strong>Urolog\u00eda M\u00e9dico Quir\u00fargica SL<\/strong><br \/>CIF: <strong>B88599113<\/strong><br \/>Domicilio social: <strong>Paseo del General Mart\u00ednez Campos, 17 \u2013 1\u00ba Drcha. 28010 Madrid<\/strong><br \/>Inscrita en el <strong>Registro Mercantil de Madrid<\/strong><br \/>Tel\u00e9fono: <strong>912627104<\/strong><br \/>Email: <strong>roc@rocurologia.com<\/strong><\/p>\n<p><strong>USO DEL PORTAL:<\/strong> <br \/>El sitio web y sus servicios son de acceso libre y gratuito, no obstante para poder cumplir con las finalidades de algunos de los servicios ofrecidos por el PROPIETARIO DE LA WEB el usuario debe cumplimentar previamente el correspondiente formulario. Por tanto, si no se facilitan los datos necesarios o no lo hace correctamente no podr\u00e1n atenderse las solicitudes, sin perjuicio de que podr\u00e1 visualizar libremente el contenido de la web.<\/p>\n<p><strong>USUARIOS:<\/strong> <br \/>El acceso y\/o uso de este portal atribuye la condici\u00f3n de USUARIO, que acepta, desde dicho acceso y\/o uso, las Condiciones Generales de Uso aqu\u00ed reflejadas. Las citadas Condiciones ser\u00e1n de aplicaci\u00f3n independientemente de las Condiciones Generales de Contrataci\u00f3n que en su caso resulten de obligado cumplimiento. El Usuario:<\/p>\n<p>Garantiza que ha informado a los terceros de los que facilite sus datos, en caso de hacerlo, de los aspectos contenidos en este documento. Asimismo, garantiza que ha obtenido su autorizaci\u00f3n para facilitar sus datos al PROPIETARIO DE LA WEB para los fines se\u00f1alados.<br \/>Ser\u00e1 responsable de las informaciones falsas o inexactas que proporcione a trav\u00e9s del Sitio Web y de los da\u00f1os y perjuicios, directos o indirectos, que ello cause al PROPIETARIO DE LA WEB o a terceros.<\/p>\n<p><strong>PROPIEDAD INTELECTUAL E INDUSTRIAL:<\/strong> <br \/>El PROPIETARIO DE LA WEB por s\u00ed o como cesionaria, es titular de todos los derechos de propiedad intelectual e industrial de su p\u00e1gina web, as\u00ed como de los elementos contenidos en la misma (a t\u00edtulo enunciativo, im\u00e1genes, sonido, audio, v\u00eddeo, software o textos; marcas o logotipos, combinaciones de colores, estructura y dise\u00f1o, selecci\u00f3n de materiales usados, programas de ordenador necesarios para su funcionamiento, acceso y uso, etc.), titularidad del PROPIETARIO DE LA WEB o bien de sus licenciantes. Todos los derechos reservados. En virtud de lo dispuesto en los art\u00edculos 8 y 32.1, p\u00e1rrafo segundo, de la Ley de Propiedad Intelectual, quedan expresamente prohibidas la reproducci\u00f3n, la distribuci\u00f3n y la comunicaci\u00f3n p\u00fablica, incluida su modalidad de puesta a disposici\u00f3n, de la totalidad o parte de los contenidos de esta p\u00e1gina web, con fines comerciales, en cualquier soporte y por cualquier medio t\u00e9cnico, sin la autorizaci\u00f3n del PROPIETARIO DE LA WEB. El USUARIO se compromete a respetar los derechos de Propiedad Intelectual e Industrial titularidad del PROPIETARIO DE LA WEB. Podr\u00e1 visualizar los elementos del portal e incluso imprimirlos, copiarlos y almacenarlos en el disco duro de su ordenador o en cualquier otro soporte f\u00edsico siempre y cuando sea, \u00fanica y exclusivamente, para su uso personal y privado. El USUARIO deber\u00e1 abstenerse de suprimir, alterar, eludir o manipular cualquier dispositivo de protecci\u00f3n o sistema de seguridad que estuviera instalado en el las p\u00e1ginas del PROPIETARIO DE LA WEB.<\/p>\n<p><strong>EXCLUSI\u00d3N DE GARANT\u00cdAS Y RESPONSABILIDAD:<\/strong> <br \/>El PROPIETARIO DE LA WEB no se hace responsable, en ning\u00fan caso, de los da\u00f1os y perjuicios de cualquier naturaleza que pudieran ocasionar, a t\u00edtulo enunciativo: errores u omisiones en los contenidos, falta de disponibilidad del portal o la transmisi\u00f3n de virus o programas maliciosos o lesivos en los contenidos, a pesar de haber adoptado todas las medidas tecnol\u00f3gicas necesarias para evitarlo.<\/p>\n<p><strong>MODIFICACIONES:<\/strong> <br \/>El PROPIETARIO DE LA WEB se reserva el derecho de efectuar sin previo aviso las modificaciones que considere oportunas en su portal, pudiendo cambiar, suprimir o a\u00f1adir tanto los contenidos y servicios que se presten a trav\u00e9s de la misma como la forma en la que \u00e9stos aparezcan presentados o localizados en su portal.<\/p>\n<p><strong>ENLACES:<\/strong> <br \/>En el caso de que en el portal se dispusiesen enlaces o hiperv\u00ednculos hac\u00eda otros sitios de Internet, el PROPIETARIO DE LA WEB no ejercer\u00e1 ning\u00fan tipo de control sobre dichos sitios y contenidos. En ning\u00fan caso el PROPIETARIO DE LA WEB asumir\u00e1 responsabilidad alguna por los contenidos de alg\u00fan enlace perteneciente a un sitio web ajeno, ni garantizar\u00e1 la disponibilidad t\u00e9cnica, calidad, fiabilidad, exactitud, amplitud, veracidad, validez y constitucionalidad de cualquier material o informaci\u00f3n contenida en ninguno de dichos hiperv\u00ednculos u otros sitios de Internet. Igualmente la inclusi\u00f3n de estas conexiones externas no implicar\u00e1 ning\u00fan tipo de asociaci\u00f3n, fusi\u00f3n o participaci\u00f3n con las entidades conectadas.<\/p>\n<p><strong>DERECHO DE EXCLUSI\u00d3N:<\/strong> <br \/>El PROPIETARIO DE LA WEB se reserva el derecho a denegar o retirar el acceso a portal y\/o los servicios ofrecidos sin necesidad de preaviso, a instancia propia o de un tercero, a aquellos usuarios que incumplan las presentes Condiciones Generales de Uso.<\/p>\n<p><strong>GENERALIDADES:<\/strong> <br \/>El PROPIETARIO DE LA WEB perseguir\u00e1 el incumplimiento de las presentes condiciones as\u00ed como cualquier utilizaci\u00f3n indebida de su portal ejerciendo todas las acciones civiles y penales que le puedan corresponder en derecho.<\/p>\n<p><strong>MODIFICACI\u00d3N DE LAS PRESENTES CONDICIONES Y DURACI\u00d3N:<\/strong> <br \/>El PROPIETARIO DE LA WEB podr\u00e1 modificar en cualquier momento las condiciones aqu\u00ed determinadas, siendo debidamente publicadas como aqu\u00ed aparecen. La vigencia de las citadas condiciones ir\u00e1 en funci\u00f3n de su exposici\u00f3n y estar\u00e1n vigentes hasta que sean modificadas por otras debidamente publicadas.<\/p>\n\t\t\t\t\t\t\t\t<\/div>\n\t\t\t\t<\/div>\n\t\t\t\t<div class=\"elementor-element elementor-element-cf96c21 elementor-widget elementor-widget-heading\" data-id=\"cf96c21\" data-element_type=\"widget\" data-e-type=\"widget\" data-widget_type=\"heading.default\">\n\t\t\t\t<div class=\"elementor-widget-container\">\n\t\t\t\t\t<h2 class=\"elementor-heading-title elementor-size-default\">Pol\u00edtica de Privacidad<\/h2>\t\t\t\t<\/div>\n\t\t\t\t<\/div>\n\t\t\t\t<div class=\"elementor-element elementor-element-38074b6 elementor-widget elementor-widget-text-editor\" data-id=\"38074b6\" data-element_type=\"widget\" data-e-type=\"widget\" data-widget_type=\"text-editor.default\">\n\t\t\t\t<div class=\"elementor-widget-container\">\n\t\t\t\t\t\t\t\t\t<p>En cumplimiento de lo dispuesto en el Reglamento (UE) 2016\/679 del Parlamento Europeo y del Consejo de 27 de abril de 2016 relativo a la protecci\u00f3n de las personas f\u00edsicas en lo que respecta a tratamiento de datos personales y a la libre circulaci\u00f3n de \u00e9stos datos, as\u00ed como en el resto de normativa vigente en materia de protecci\u00f3n de datos, el PROPIETARIO DE LA WEB le informa de lo siguiente:<\/p>\n<p><strong>\u00bfQui\u00e9n es el responsable del tratamiento de sus datos?<\/strong><\/p>\n<p>El responsable del tratamiento es el PROPIETARIO DE LA WEB cuyos datos identificativos se encuentran en el punto 1 del AVISO LEGAL.<\/p>\n<p><strong>\u00bfCon que finalidad tratamos sus datos personales?<\/strong><\/p>\n<p>El PROPIETARIO DE LA WEB tratar\u00e1 la informaci\u00f3n que facilite el usuario a trav\u00e9s del Sitio Web con el fin de gestionar la prestaci\u00f3n de los servicios solicitados y la gesti\u00f3n administrativa derivada de los mismos, as\u00ed como remitir peri\u00f3dicamente newsletters, comunicaciones comerciales sobre servicios, eventos y noticias relacionadas con la actividad profesional del PROPIETARIO DE LA WEB cuando el usuario lo autorice, y para valorar la candidatura del usuario en el caso de que se recojan curriculums a trav\u00e9s de la web.<\/p>\n<p><strong>\u00bfDurante cu\u00e1nto tiempo se conservar\u00e1n sus datos?<\/strong><\/p>\n<p>Los datos personales se conservar\u00e1n mientras el usuario no solicite la supresi\u00f3n de los mismos y, en todo caso, durante los a\u00f1os necesarios para cumplir las obligaciones legales que establezca la normativa vigente, o para hacer frente a las posibles responsabilidades que pudiesen surgir.<\/p>\n<p><strong>\u00bfCu\u00e1l es la legitimaci\u00f3n para el tratamiento de sus datos?<\/strong><\/p>\n<p>La legitimaci\u00f3n del PROPIETARIO DE LA WEB para llevar a cabo el tratamiento de los datos de los usuarios se basa en el consentimiento del interesado.<\/p>\n<p><strong>\u00bfA qu\u00e9 destinatarios se comunicar\u00e1n sus datos?<\/strong><\/p>\n<p>Con car\u00e1cter general los datos no ser\u00e1n cedidos a terceros, salvo que lo establezca la legislaci\u00f3n vigente.<\/p>\n<p><strong>\u00bfCu\u00e1les son los derechos del usuario?<\/strong><\/p>\n<p>El usuario tiene derecho a obtener confirmaci\u00f3n sobre si el PROPIETARIO DE LA WEB est\u00e1 tratando datos personales que le conciernan o no. Tienen derecho a acceder a sus datos personales, as\u00ed como a solicitar la rectificaci\u00f3n de los datos inexactos o, en su caso, solicitar la supresi\u00f3n cuando, entre otros motivos, los datos ya no sean necesarios para los fines que motivaron su recogida. En determinadas circunstancias el usuario podr\u00e1 solicitar la limitaci\u00f3n del tratamiento de sus datos personales, en cuyo caso \u00fanicamente se conservaran bloqueados para el ejercicio o la defensa en reclamaciones. En determinadas circunstancias y por motivos relacionados con su situaci\u00f3n particular, los usuarios podr\u00e1n oponerse al tratamiento de sus datos, en cuyo caso el PROPIETARIO DE LA WEB dejar\u00e1 de tratar sus datos, salvo por motivos leg\u00edtimos imperiosos, o el ejercicio o defensa de posibles reclamaciones. Adem\u00e1s de los derechos anteriores, el usuario tambi\u00e9n tendr\u00e1 el derecho a retirar el consentimiento y el derecho a presentar una reclamaci\u00f3n ante la Autoridad de Control. Dispone de la informaci\u00f3n necesaria en <a href=\"https:\/\/www.agpd.es\" target=\"_blank\" rel=\"noopener\">www.agpd.es<\/a>. Podr\u00e1 ejercitar materialmente sus derechos aportando copia de su DNI o documento oficial que le identifique, mediante el env\u00edo de un mail o por correo postal dirigi\u00e9ndose al PROPIETARIO DE LA WEB, cuyos datos identificativos se encuentran en el punto 1 del AVISO LEGAL.<\/p>\n<p><strong>\u00bfQu\u00e9 medidas de seguridad implantamos para proteger sus datos?<\/strong><\/p>\n<p>El PROPIETARIO DE LA WEB tratar\u00e1 los datos del Usuario en todo momento de forma absolutamente confidencial y guardando el preceptivo deber de secreto respecto de los mismos, de conformidad con lo previsto en la normativa de aplicaci\u00f3n, adoptando al efecto las medidas de \u00edndole t\u00e9cnica y organizativas necesarias que garanticen la seguridad de sus datos y eviten su alteraci\u00f3n, p\u00e9rdida, tratamiento o acceso no autorizado, habida cuenta del estado de la tecnolog\u00eda, la naturaleza de los datos almacenados y los riesgos a que est\u00e1n expuestos.<\/p>\n\t\t\t\t\t\t\t\t<\/div>\n\t\t\t\t<\/div>\n\t\t\t\t<div class=\"elementor-element elementor-element-4107656 elementor-widget elementor-widget-heading\" data-id=\"4107656\" data-element_type=\"widget\" data-e-type=\"widget\" data-widget_type=\"heading.default\">\n\t\t\t\t<div class=\"elementor-widget-container\">\n\t\t\t\t\t<h2 class=\"elementor-heading-title elementor-size-default\">Cookies<\/h2>\t\t\t\t<\/div>\n\t\t\t\t<\/div>\n\t\t\t\t<div class=\"elementor-element elementor-element-48b6ee6 elementor-widget elementor-widget-text-editor\" data-id=\"48b6ee6\" data-element_type=\"widget\" data-e-type=\"widget\" data-widget_type=\"text-editor.default\">\n\t\t\t\t<div class=\"elementor-widget-container\">\n\t\t\t\t\t\t\t\t\t<table id=\"CookieTable\" class=\"table table-striped table-bordered mb-5\">\n<thead>\n<tr>\n<th scope=\"col\">Cookie<\/th>\n<th scope=\"col\">Descripci\u00f3n<\/th>\n<th scope=\"col\">Duraci\u00f3n<\/th>\n<th scope=\"col\">Tipo<\/th>\n<\/tr>\n<\/thead>\n<tbody>\n<tr>\n<td>cookielawinfo-checkbox-necessary<\/td>\n<td>Cookie creada por el plugin GDPR Cookie Consent. Guarda los ajustes del usuario para las cookies en la categor\u00eda \u00abNecesarias\u00bb.<\/td>\n<td>1 a\u00f1o<\/td>\n<td>Necesaria<\/td>\n<\/tr>\n<tr>\n<td>cookielawinfo-checkbox-non-necessary<\/td>\n<td>Cookie creada por el plugin GDPR Cookie Consent. Guarda los ajustes del usuario para las cookies en la categor\u00eda \u00abNo Necesarias\u00bb.<\/td>\n<td>1 a\u00f1o<\/td>\n<td>Necesaria<\/td>\n<\/tr>\n<tr>\n<td>CookieLawInfoConsent<\/td>\n<td>Cookie creada por el plugin GDPR Cookie Consent. Guarda el consentimiento expl\u00edcito del usuario para las cookies.<\/td>\n<td>1 a\u00f1o<\/td>\n<td>Necesaria<\/td>\n<\/tr>\n<tr>\n<td>viewed_cookie_policy<\/td>\n<td>Cookie creada por el plugin GDPR Cookie Consent. Indica si el mensaje de Cookies es visible o esta oculto.<\/td>\n<td>1 a\u00f1o<\/td>\n<td>Necesaria<\/td>\n<\/tr>\n<tr>\n<td>_ga<\/td>\n<td>Cookie creada por Google Analytics. Usada para calcular visitantes, sesiones, datos de campa\u00f1as y mantener registros de uso del sitio para los informes anal\u00edticos del sitio. Estas cookies guardan informaci\u00f3n de forma an\u00f3nima asignando un identificador aleatorio a cada visitante.<\/td>\n<td>2 a\u00f1os<\/td>\n<td>Anal\u00edtica<\/td>\n<\/tr>\n<tr>\n<td>_gid<\/td>\n<td>Cookie creada por Google Analytics. Usada para guardar informaci\u00f3n sobre c\u00f3mo usan el sitio web los visitantes, y ayudar a crear un informe anal\u00edtico del mismo. Los datos incluyen n\u00famero de visitantes, su origen y p\u00e1ginas visitadas y se env\u00edan de forma an\u00f3nima.<\/td>\n<td>1 day<\/td>\n<td>Anal\u00edtica<\/td>\n<\/tr>\n<tr>\n<td>_gat<\/td>\n<td>Cookie creada por Google Universal Analytics para acelerar la tasa de solicitudes para limitar la recopilaci\u00f3n de datos en sitios de alto tr\u00e1fico.<\/td>\n<td>1 minuto<\/td>\n<td>Anal\u00edtica,Rendimiento<\/td>\n<\/tr>\n<tr>\n<td>wp-wpml_current_language<\/td>\n<td>Cookie creada por el software de idioma WPML. Identifica el idioma del usuario conectado mientras navega por el sitio web.<\/td>\n<td>1 d\u00eda<\/td>\n<td>Necesaria, sesi\u00f3n<\/td>\n<\/tr>\n<\/tbody>\n<\/table>\n\t\t\t\t\t\t\t\t<\/div>\n\t\t\t\t<\/div>\n\t\t\t\t\t<\/div>\n\t\t<\/div>\n\t\t\t\t\t<\/div>\n\t\t<\/section>\n\t\t\t\t<\/div>\n\t\t","protected":false},"excerpt":{"rendered":"<p>Aviso Legal DATOS IDENTIFICATIVOS: En cumplimiento con el deber de informaci\u00f3n recogido en art\u00edculo 10 de la Ley 34\/2002, de 11 de julio, de Servicios de la Sociedad de la Informaci\u00f3n y del Comercio Electr\u00f3nico (LSSICE), el PROPIETARIO DE LA WEB, le informa de lo siguiente: Denominaci\u00f3n social: Urolog\u00eda M\u00e9dico Quir\u00fargica SLCIF: B88599113Domicilio social: Paseo<\/p>\n","protected":false},"author":1,"featured_media":0,"parent":0,"menu_order":99,"comment_status":"closed","ping_status":"closed","template":"","meta":{"_acf_changed":false,"footnotes":""},"class_list":["post-25998","page","type-page","status-publish","hentry"],"acf":[],"yoast_head":"<!-- This site is optimized with the Yoast SEO plugin v27.4 - https:\/\/yoast.com\/product\/yoast-seo-wordpress\/ -->\n<title>Privacy Policy | Doctor Javier Romero Otero<\/title>\n<meta name=\"robots\" content=\"noindex, nofollow\" \/>\n<meta property=\"og:locale\" content=\"en_US\" \/>\n<meta property=\"og:type\" content=\"article\" \/>\n<meta property=\"og:title\" content=\"Privacy Policy | Doctor Javier Romero Otero\" \/>\n<meta property=\"og:description\" content=\"Aviso Legal DATOS IDENTIFICATIVOS: En cumplimiento con el deber de informaci\u00f3n recogido en art\u00edculo 10 de la Ley 34\/2002, de 11 de julio, de Servicios de la Sociedad de la Informaci\u00f3n y del Comercio Electr\u00f3nico (LSSICE), el PROPIETARIO DE LA WEB, le informa de lo siguiente: Denominaci\u00f3n social: Urolog\u00eda M\u00e9dico Quir\u00fargica SLCIF: B88599113Domicilio social: Paseo\" \/>\n<meta property=\"og:url\" content=\"https:\/\/drjromero-otero.com\/en\/privacy\/\" \/>\n<meta property=\"og:site_name\" content=\"Dr. Javier Romero Otero\" \/>\n<meta property=\"article:modified_time\" content=\"2021-11-16T10:40:00+00:00\" \/>\n<meta name=\"twitter:card\" content=\"summary_large_image\" \/>\n<meta name=\"twitter:site\" content=\"@dr_romero_otero\" \/>\n<meta name=\"twitter:label1\" content=\"Est. reading time\" \/>\n\t<meta name=\"twitter:data1\" content=\"9 minutes\" \/>\n<script type=\"application\/ld+json\" class=\"yoast-schema-graph\">{\"@context\":\"https:\\\/\\\/schema.org\",\"@graph\":[{\"@type\":\"WebPage\",\"@id\":\"https:\\\/\\\/drjromero-otero.com\\\/en\\\/privacy\\\/\",\"url\":\"https:\\\/\\\/drjromero-otero.com\\\/en\\\/privacy\\\/\",\"name\":\"Privacy Policy | Doctor Javier Romero Otero\",\"isPartOf\":{\"@id\":\"https:\\\/\\\/drjromero-otero.com\\\/#website\"},\"datePublished\":\"2018-09-20T08:52:05+00:00\",\"dateModified\":\"2021-11-16T10:40:00+00:00\",\"breadcrumb\":{\"@id\":\"https:\\\/\\\/drjromero-otero.com\\\/en\\\/privacy\\\/#breadcrumb\"},\"inLanguage\":\"en-US\",\"potentialAction\":[{\"@type\":\"ReadAction\",\"target\":[\"https:\\\/\\\/drjromero-otero.com\\\/en\\\/privacy\\\/\"]}]},{\"@type\":\"BreadcrumbList\",\"@id\":\"https:\\\/\\\/drjromero-otero.com\\\/en\\\/privacy\\\/#breadcrumb\",\"itemListElement\":[{\"@type\":\"ListItem\",\"position\":1,\"name\":\"Portada\",\"item\":\"https:\\\/\\\/drjromero-otero.com\\\/\"},{\"@type\":\"ListItem\",\"position\":2,\"name\":\"Privacy Policy\"}]},{\"@type\":\"WebSite\",\"@id\":\"https:\\\/\\\/drjromero-otero.com\\\/#website\",\"url\":\"https:\\\/\\\/drjromero-otero.com\\\/\",\"name\":\"Dr. Javier Romero Otero\",\"description\":\"\",\"publisher\":{\"@id\":\"https:\\\/\\\/drjromero-otero.com\\\/#organization\"},\"potentialAction\":[{\"@type\":\"SearchAction\",\"target\":{\"@type\":\"EntryPoint\",\"urlTemplate\":\"https:\\\/\\\/drjromero-otero.com\\\/?s={search_term_string}\"},\"query-input\":{\"@type\":\"PropertyValueSpecification\",\"valueRequired\":true,\"valueName\":\"search_term_string\"}}],\"inLanguage\":\"en-US\"},{\"@type\":\"Organization\",\"@id\":\"https:\\\/\\\/drjromero-otero.com\\\/#organization\",\"name\":\"Dr. Javier Romero Otero\",\"url\":\"https:\\\/\\\/drjromero-otero.com\\\/\",\"logo\":{\"@type\":\"ImageObject\",\"inLanguage\":\"en-US\",\"@id\":\"https:\\\/\\\/drjromero-otero.com\\\/#\\\/schema\\\/logo\\\/image\\\/\",\"url\":\"https:\\\/\\\/drjromero-otero.com\\\/wp-content\\\/uploads\\\/2022\\\/10\\\/cropped-Logo-JRO.png\",\"contentUrl\":\"https:\\\/\\\/drjromero-otero.com\\\/wp-content\\\/uploads\\\/2022\\\/10\\\/cropped-Logo-JRO.png\",\"width\":160,\"height\":90,\"caption\":\"Dr. Javier Romero Otero\"},\"image\":{\"@id\":\"https:\\\/\\\/drjromero-otero.com\\\/#\\\/schema\\\/logo\\\/image\\\/\"},\"sameAs\":[\"https:\\\/\\\/x.com\\\/dr_romero_otero\",\"https:\\\/\\\/www.instagram.com\\\/p\\\/t-OPxnFMNW\\\/\",\"https:\\\/\\\/es.linkedin.com\\\/in\\\/javier-romero-otero-71033161\",\"https:\\\/\\\/www.youtube.com\\\/channel\\\/UC3beQNUP47gDwPlqBtl6Wdw\"]}]}<\/script>\n<!-- \/ Yoast SEO plugin. -->","yoast_head_json":{"title":"Privacy Policy | Doctor Javier Romero Otero","robots":{"index":"noindex","follow":"nofollow"},"og_locale":"en_US","og_type":"article","og_title":"Privacy Policy | Doctor Javier Romero Otero","og_description":"Aviso Legal DATOS IDENTIFICATIVOS: En cumplimiento con el deber de informaci\u00f3n recogido en art\u00edculo 10 de la Ley 34\/2002, de 11 de julio, de Servicios de la Sociedad de la Informaci\u00f3n y del Comercio Electr\u00f3nico (LSSICE), el PROPIETARIO DE LA WEB, le informa de lo siguiente: Denominaci\u00f3n social: Urolog\u00eda M\u00e9dico Quir\u00fargica SLCIF: B88599113Domicilio social: Paseo","og_url":"https:\/\/drjromero-otero.com\/en\/privacy\/","og_site_name":"Dr. Javier Romero Otero","article_modified_time":"2021-11-16T10:40:00+00:00","twitter_card":"summary_large_image","twitter_site":"@dr_romero_otero","twitter_misc":{"Est. reading time":"9 minutes"},"schema":{"@context":"https:\/\/schema.org","@graph":[{"@type":"WebPage","@id":"https:\/\/drjromero-otero.com\/en\/privacy\/","url":"https:\/\/drjromero-otero.com\/en\/privacy\/","name":"Privacy Policy | Doctor Javier Romero Otero","isPartOf":{"@id":"https:\/\/drjromero-otero.com\/#website"},"datePublished":"2018-09-20T08:52:05+00:00","dateModified":"2021-11-16T10:40:00+00:00","breadcrumb":{"@id":"https:\/\/drjromero-otero.com\/en\/privacy\/#breadcrumb"},"inLanguage":"en-US","potentialAction":[{"@type":"ReadAction","target":["https:\/\/drjromero-otero.com\/en\/privacy\/"]}]},{"@type":"BreadcrumbList","@id":"https:\/\/drjromero-otero.com\/en\/privacy\/#breadcrumb","itemListElement":[{"@type":"ListItem","position":1,"name":"Portada","item":"https:\/\/drjromero-otero.com\/"},{"@type":"ListItem","position":2,"name":"Privacy Policy"}]},{"@type":"WebSite","@id":"https:\/\/drjromero-otero.com\/#website","url":"https:\/\/drjromero-otero.com\/","name":"Dr. Javier Romero Otero","description":"","publisher":{"@id":"https:\/\/drjromero-otero.com\/#organization"},"potentialAction":[{"@type":"SearchAction","target":{"@type":"EntryPoint","urlTemplate":"https:\/\/drjromero-otero.com\/?s={search_term_string}"},"query-input":{"@type":"PropertyValueSpecification","valueRequired":true,"valueName":"search_term_string"}}],"inLanguage":"en-US"},{"@type":"Organization","@id":"https:\/\/drjromero-otero.com\/#organization","name":"Dr. Javier Romero Otero","url":"https:\/\/drjromero-otero.com\/","logo":{"@type":"ImageObject","inLanguage":"en-US","@id":"https:\/\/drjromero-otero.com\/#\/schema\/logo\/image\/","url":"https:\/\/drjromero-otero.com\/wp-content\/uploads\/2022\/10\/cropped-Logo-JRO.png","contentUrl":"https:\/\/drjromero-otero.com\/wp-content\/uploads\/2022\/10\/cropped-Logo-JRO.png","width":160,"height":90,"caption":"Dr. Javier Romero Otero"},"image":{"@id":"https:\/\/drjromero-otero.com\/#\/schema\/logo\/image\/"},"sameAs":["https:\/\/x.com\/dr_romero_otero","https:\/\/www.instagram.com\/p\/t-OPxnFMNW\/","https:\/\/es.linkedin.com\/in\/javier-romero-otero-71033161","https:\/\/www.youtube.com\/channel\/UC3beQNUP47gDwPlqBtl6Wdw"]}]}},"_links":{"self":[{"href":"https:\/\/drjromero-otero.com\/en\/wp-json\/wp\/v2\/pages\/25998","targetHints":{"allow":["GET"]}}],"collection":[{"href":"https:\/\/drjromero-otero.com\/en\/wp-json\/wp\/v2\/pages"}],"about":[{"href":"https:\/\/drjromero-otero.com\/en\/wp-json\/wp\/v2\/types\/page"}],"author":[{"embeddable":true,"href":"https:\/\/drjromero-otero.com\/en\/wp-json\/wp\/v2\/users\/1"}],"replies":[{"embeddable":true,"href":"https:\/\/drjromero-otero.com\/en\/wp-json\/wp\/v2\/comments?post=25998"}],"version-history":[{"count":7,"href":"https:\/\/drjromero-otero.com\/en\/wp-json\/wp\/v2\/pages\/25998\/revisions"}],"predecessor-version":[{"id":29028,"href":"https:\/\/drjromero-otero.com\/en\/wp-json\/wp\/v2\/pages\/25998\/revisions\/29028"}],"wp:attachment":[{"href":"https:\/\/drjromero-otero.com\/en\/wp-json\/wp\/v2\/media?parent=25998"}],"curies":[{"name":"wp","href":"https:\/\/api.w.org\/{rel}","templated":true}]}}