{"id":25762,"date":"2021-09-20T10:52:05","date_gmt":"2021-09-20T08:52:05","guid":{"rendered":"https:\/\/drjromero-otero.com\/home\/"},"modified":"2024-10-23T14:37:04","modified_gmt":"2024-10-23T12:37:04","slug":"home","status":"publish","type":"page","link":"https:\/\/drjromero-otero.com\/en\/","title":{"rendered":"Home"},"content":{"rendered":"[vc_section full_width=&#8221;stretch_row&#8221; el_id=&#8221;home-intro&#8221; el_class=&#8221;home-intro&#8221; css=&#8221;.vc_custom_1537445857054{background-color: #f3f2f1 !important;}&#8221;][vc_row equal_height=&#8221;yes&#8221;][vc_column width=&#8221;1\/4&#8243; css=&#8221;.vc_custom_1548235677005{padding-top: 0px !important;padding-right: 0px !important;padding-bottom: 0px !important;padding-left: 0px !important;background-position: 0 0 !important;background-repeat: no-repeat !important;}&#8221; el_class=&#8221;home-column-1&#8243;][vc_single_image image=&#8221;41370&#8243; img_size=&#8221;full&#8221; css=&#8221;.vc_custom_1729686818161{margin-bottom: 0px !important;}&#8221; el_class=&#8221;dr-romeo-home-photo&#8221;][\/vc_column][vc_column width=&#8221;3\/4&#8243; el_class=&#8221;home-column-2&#8243; css=&#8221;.vc_custom_1593156116756{padding-top: 30px !important;padding-right: 30px !important;padding-bottom: 20px !important;padding-left: 30px !important;}&#8221;][vc_column_text css=&#8221;.vc_custom_1637158217297{margin-bottom: 10px !important;}&#8221;]\n<h1>JAVIER ROMERO OTERO, MEDICAL DOCTOR, SPECIALIST UROLOGIST<\/h1>\n[\/vc_column_text][vc_column_text el_class=&#8221;text-sm&#8221; css=&#8221;.vc_custom_1729511322229{margin-bottom: 0px !important;}&#8221;]Director of the Department of Urology of HM Hospitals in Madrid and Medical Director of ROC Clinic.<\/p>\n<p>The practice of <strong>Dr. Javier Romero-Otero<\/strong> focuses on the diagnosis, treatment, research and teaching of Urology, always in relation to the Prostate, Andrology and Surgery of the male genital area. He is considered an international reference in these areas.[\/vc_column_text][vc_column_text css=&#8221;.vc_custom_1729511511556{margin-bottom: 10px !important;}&#8221; el_class=&#8221;text-sm&#8221;]Professional dedication of <strong>Dr. Romero-Otero<\/strong>:<\/p>\n<ol>\n<li><strong>Academic field:<\/strong>\u00a0he is full University Professor accredited by ANECA and Professor of Urology in several Universities and University Master&#8217;s Degrees.<\/li>\n<li><strong>Research:<\/strong>\u00a0he is member of several scientific associations and of the editorial committee of several Urology journals, with <strong>more than 150 research papers published<\/strong> in PubMed indexed journals and <strong>more than 200 research papers<\/strong> at scientific congresses in his field.<\/li>\n<li><strong>In Healthcare:<\/strong>\n<ul>\n<li>Head of the Department of Urology of <strong>HM Hospitales Group<\/strong>, developing the Head of Service of the University Hospitals HM Sanchinarro, HM Montepr\u00edncipe, HM Puerta del Sur, HM Nuevo Bel\u00e9n, HM Rivas and HM Madrid R\u00edo.<\/li>\n<li>Medical Director of <strong>ROC Clinic<\/strong>.<\/li>\n<li>He has been Head of the Andrology and Male Functional Unit of the <strong>Hospital Universitario 12 de Octubre<\/strong> until 2022.<\/li>\n<\/ul>\n<\/li>\n<\/ol>\n[\/vc_column_text][vc_column_text css=&#8221;.vc_custom_1637158205271{margin-bottom: 10px !important;}&#8221;]<strong>PHILOSOPHY<\/strong>[\/vc_column_text][vc_column_text css=&#8221;.vc_custom_1548400985592{margin-bottom: 0px !important;}&#8221; el_class=&#8221;text-sm&#8221;]\u201cWork, perseverance, study and super-specialisation, based on Scientific Medicine, Evidence-based Medicine&#8221;[\/vc_column_text][\/vc_column][\/vc_row][\/vc_section][vc_section full_width=&#8221;stretch_row&#8221; el_id=&#8221;home-especialidades&#8221; el_class=&#8221;home-especialidades&#8221; css=&#8221;.vc_custom_1538654856003{padding-top: 60px !important;padding-bottom: 30px !important;}&#8221;][vc_row][vc_column][vc_column_text]\n<h3>UROLOGICAL MEDICAL SPECIALITIES<\/h3>\n[\/vc_column_text][vc_column_text el_class=&#8221;especialidades-lista&#8221;]<article class=\"especialidades-item especialidades-25778\">\r\n\t<div class=\"especialidades-icon\">\r\n\t\t<img decoding=\"async\" width=\"62\" height=\"62\" src=\"https:\/\/drjromero-otero.com\/wp-content\/uploads\/2018\/09\/icono-esp-hiperplasia.png\" class=\"attachment-thumbnail size-thumbnail\" alt=\"Hiperplasia (eng)\" \/>\r\n\t<\/div>\r\n\t<div class=\"especialidades-titulo\">\r\n\t\t<a href=\"https:\/\/drjromero-otero.com\/en\/specialties\/benign-prostatic-hyperplasia\/\" title=\"Benign Prostatic Hyperplasia\" rel=\"\">\r\n\t\t\t<h2 class=\"especialidades-link\">Benign Prostatic Hyperplasia<\/h2>\r\n\t\t<\/a>\r\n\t\t<div class=\"especialidades-extracto\"><p>Benign prostatic hyperplasia is a very common pathology that affects 40% of men over the age of 40&#8230;<\/p>\n<\/div>\r\n\t<\/div>\t\r\n<\/article><article class=\"especialidades-item especialidades-34757\">\r\n\t<div class=\"especialidades-icon\">\r\n\t\t<img decoding=\"async\" width=\"62\" height=\"62\" src=\"https:\/\/drjromero-otero.com\/wp-content\/uploads\/2023\/10\/laser-holmium.png\" class=\"attachment-thumbnail size-thumbnail\" alt=\"Laser Holmium\" \/>\r\n\t<\/div>\r\n\t<div class=\"especialidades-titulo\">\r\n\t\t<a href=\"https:\/\/drjromero-otero.com\/en\/specialties\/holmium-laser\/\" title=\"Holmium laser\" rel=\"\">\r\n\t\t\t<h2 class=\"especialidades-link\">Holmium laser<\/h2>\r\n\t\t<\/a>\r\n\t\t<div class=\"especialidades-extracto\"><\/div>\r\n\t<\/div>\t\r\n<\/article><article class=\"especialidades-item especialidades-25821\">\r\n\t<div class=\"especialidades-icon\">\r\n\t\t<img decoding=\"async\" width=\"62\" height=\"62\" src=\"https:\/\/drjromero-otero.com\/wp-content\/uploads\/2018\/09\/icono-esp-cancer-prostata.png\" class=\"attachment-thumbnail size-thumbnail\" alt=\"icono cancer de prostata\" \/>\r\n\t<\/div>\r\n\t<div class=\"especialidades-titulo\">\r\n\t\t<a href=\"https:\/\/drjromero-otero.com\/en\/specialties\/prostate-cancer\/\" title=\"Prostate cancer\" rel=\"\">\r\n\t\t\t<h2 class=\"especialidades-link\">Prostate cancer<\/h2>\r\n\t\t<\/a>\r\n\t\t<div class=\"especialidades-extracto\"><p>Prostate cancer is very common, affecting 25% of men over 50 and 80% of men over 90&#8230;<\/p>\n<\/div>\r\n\t<\/div>\t\r\n<\/article><article class=\"especialidades-item especialidades-25965\">\r\n\t<div class=\"especialidades-icon\">\r\n\t\t<img loading=\"lazy\" decoding=\"async\" width=\"62\" height=\"62\" src=\"https:\/\/drjromero-otero.com\/wp-content\/uploads\/2018\/09\/icono-esp-peyrone.png\" class=\"attachment-thumbnail size-thumbnail\" alt=\"Peyromie\" \/>\r\n\t<\/div>\r\n\t<div class=\"especialidades-titulo\">\r\n\t\t<a href=\"https:\/\/drjromero-otero.com\/en\/specialties\/peyronie-disease\/\" title=\"Peyronie&#8217;s Surgery\" rel=\"\">\r\n\t\t\t<h2 class=\"especialidades-link\">Peyronie&#8217;s Surgery<\/h2>\r\n\t\t<\/a>\r\n\t\t<div class=\"especialidades-extracto\"><p>The cause of Peyronie&#8217;s disease is unknown. It affects 5% of men over 50&#8230;<\/p>\n<\/div>\r\n\t<\/div>\t\r\n<\/article><article class=\"especialidades-item especialidades-25966\">\r\n\t<div class=\"especialidades-icon\">\r\n\t\t<img loading=\"lazy\" decoding=\"async\" width=\"62\" height=\"62\" src=\"https:\/\/drjromero-otero.com\/wp-content\/uploads\/2018\/09\/icono-esp-protesis.png\" class=\"attachment-thumbnail size-thumbnail\" alt=\"icono protesis\" \/>\r\n\t<\/div>\r\n\t<div class=\"especialidades-titulo\">\r\n\t\t<a href=\"https:\/\/drjromero-otero.com\/en\/specialties\/penile-prosthesis\/\" title=\"Penile Prosthesis\" rel=\"\">\r\n\t\t\t<h2 class=\"especialidades-link\">Penile Prosthesis<\/h2>\r\n\t\t<\/a>\r\n\t\t<div class=\"especialidades-extracto\"><p>El equipo del Dr Romero-Otero est\u00e1 considerado como uno de los de mayor experiencia a nivel nacional&#8230;<\/p>\n<\/div>\r\n\t<\/div>\t\r\n<\/article><article class=\"especialidades-item especialidades-25967\">\r\n\t<div class=\"especialidades-icon\">\r\n\t\t<img loading=\"lazy\" decoding=\"async\" width=\"62\" height=\"62\" src=\"https:\/\/drjromero-otero.com\/wp-content\/uploads\/2018\/09\/icono-esp-disfuncion.png\" class=\"attachment-thumbnail size-thumbnail\" alt=\"icono disfuncion erectil\" \/>\r\n\t<\/div>\r\n\t<div class=\"especialidades-titulo\">\r\n\t\t<a href=\"https:\/\/drjromero-otero.com\/en\/specialties\/erectile-dysfunction\/\" title=\"Erectile Dysfunction\" rel=\"\">\r\n\t\t\t<h2 class=\"especialidades-link\">Erectile Dysfunction<\/h2>\r\n\t\t<\/a>\r\n\t\t<div class=\"especialidades-extracto\"><p>More than half of all men over the age of 50 suffer from some degree of erectile dysfunction&#8230;<\/p>\n<\/div>\r\n\t<\/div>\t\r\n<\/article><article class=\"especialidades-item especialidades-25970\">\r\n\t<div class=\"especialidades-icon\">\r\n\t\t<img loading=\"lazy\" decoding=\"async\" width=\"62\" height=\"62\" src=\"https:\/\/drjromero-otero.com\/wp-content\/uploads\/2018\/09\/icono-estenosis.png\" class=\"attachment-thumbnail size-thumbnail\" alt=\"icono estenosis\" \/>\r\n\t<\/div>\r\n\t<div class=\"especialidades-titulo\">\r\n\t\t<a href=\"https:\/\/drjromero-otero.com\/en\/specialties\/urethral-stenosis\/\" title=\"Urethral stenosis\" rel=\"\">\r\n\t\t\t<h2 class=\"especialidades-link\">Urethral stenosis<\/h2>\r\n\t\t<\/a>\r\n\t\t<div class=\"especialidades-extracto\"><p>We speak of urethral stenosis when there is an abnormal narrowing of the urethra&#8230;<\/p>\n<\/div>\r\n\t<\/div>\t\r\n<\/article><article class=\"especialidades-item especialidades-28925\">\r\n\t<div class=\"especialidades-icon\">\r\n\t\t<img loading=\"lazy\" decoding=\"async\" width=\"62\" height=\"62\" src=\"https:\/\/drjromero-otero.com\/wp-content\/uploads\/2020\/12\/icono-robotica.png\" class=\"attachment-thumbnail size-thumbnail\" alt=\"icono robotica\" \/>\r\n\t<\/div>\r\n\t<div class=\"especialidades-titulo\">\r\n\t\t<a href=\"https:\/\/drjromero-otero.com\/en\/specialties\/robotic-surgery\/\" title=\"Robotic Surgery\" rel=\"\">\r\n\t\t\t<h2 class=\"especialidades-link\">Robotic Surgery<\/h2>\r\n\t\t<\/a>\r\n\t\t<div class=\"especialidades-extracto\"><\/div>\r\n\t<\/div>\t\r\n<\/article><article class=\"especialidades-item especialidades-25969\">\r\n\t<div class=\"especialidades-icon\">\r\n\t\t<img loading=\"lazy\" decoding=\"async\" width=\"62\" height=\"62\" src=\"https:\/\/drjromero-otero.com\/wp-content\/uploads\/2018\/09\/icono-esp-incontinencia.png\" class=\"attachment-thumbnail size-thumbnail\" alt=\"icono incontinencia\" \/>\r\n\t<\/div>\r\n\t<div class=\"especialidades-titulo\">\r\n\t\t<a href=\"https:\/\/drjromero-otero.com\/en\/specialties\/urinary-incontinence\/\" title=\"Urinary Incontinence\" rel=\"\">\r\n\t\t\t<h2 class=\"especialidades-link\">Urinary Incontinence<\/h2>\r\n\t\t<\/a>\r\n\t\t<div class=\"especialidades-extracto\"><p>The incidence of urinary incontinence among men is much more common than is thought&#8230;<\/p>\n<\/div>\r\n\t<\/div>\t\r\n<\/article>[\/vc_column_text][\/vc_column][\/vc_row][\/vc_section][vc_section full_width=&#8221;stretch_row&#8221; disable_element=&#8221;yes&#8221; el_id=&#8221;home-blog&#8221; el_class=&#8221;home-blog&#8221; css=&#8221;.vc_custom_1538721966941{background-color: #f3f2f1 !important;}&#8221;][vc_row][vc_column][vc_column_text]\n<h2>DR. ROMERO OTERO\u00b4s BLOG<\/h2>\n[\/vc_column_text][vc_basic_grid post_type=&#8221;post&#8221; max_items=&#8221;3&#8243; gap=&#8221;20&#8243; initial_loading_animation=&#8221;none&#8221; grid_id=&#8221;vc_gid:1729687012140-77b385b1e61182dc70ac45ba57b657d2-0&#8243; el_id=&#8221;home-posts&#8221; el_class=&#8221;home-posts&#8221;][\/vc_column][\/vc_row][\/vc_section]\n","protected":false},"excerpt":{"rendered":"<p>[vc_section full_width=&#8221;stretch_row&#8221; el_id=&#8221;home-intro&#8221; el_class=&#8221;home-intro&#8221; css=&#8221;.vc_custom_1537445857054{background-color: #f3f2f1 !important;}&#8221;][vc_row equal_height=&#8221;yes&#8221;][vc_column width=&#8221;1\/4&#8243; css=&#8221;.vc_custom_1548235677005{padding-top: 0px !important;padding-right: 0px !important;padding-bottom: 0px !important;padding-left: 0px !important;background-position: 0 0 !important;background-repeat: no-repeat !important;}&#8221; el_class=&#8221;home-column-1&#8243;][vc_single_image image=&#8221;41370&#8243; img_size=&#8221;full&#8221; css=&#8221;.vc_custom_1729686818161{margin-bottom: 0px !important;}&#8221; el_class=&#8221;dr-romeo-home-photo&#8221;][\/vc_column][vc_column width=&#8221;3\/4&#8243; el_class=&#8221;home-column-2&#8243; css=&#8221;.vc_custom_1593156116756{padding-top: 30px !important;padding-right: 30px !important;padding-bottom: 20px !important;padding-left: 30px !important;}&#8221;][vc_column_text css=&#8221;.vc_custom_1637158217297{margin-bottom: 10px !important;}&#8221;] JAVIER ROMERO OTERO, MEDICAL DOCTOR, SPECIALIST UROLOGIST [\/vc_column_text][vc_column_text el_class=&#8221;text-sm&#8221; css=&#8221;.vc_custom_1729511322229{margin-bottom: 0px<\/p>\n","protected":false},"author":1,"featured_media":0,"parent":0,"menu_order":0,"comment_status":"closed","ping_status":"open","template":"","meta":{"_acf_changed":false,"footnotes":""},"class_list":["post-25762","page","type-page","status-publish","hentry"],"acf":[],"yoast_head":"<!-- This site is optimized with the Yoast SEO plugin v27.4 - https:\/\/yoast.com\/product\/yoast-seo-wordpress\/ -->\n<title>Home | Doctor Javier Romero Otero<\/title>\n<meta name=\"description\" content=\"The practice of Dr. Javier Romero-Otero focuses on the diagnosis, treatment, research and teaching of Urology.\" \/>\n<meta name=\"robots\" content=\"index, follow, max-snippet:-1, max-image-preview:large, max-video-preview:-1\" \/>\n<meta property=\"og:locale\" content=\"en_US\" \/>\n<meta property=\"og:type\" content=\"article\" \/>\n<meta property=\"og:title\" content=\"Dr. Javier Romero-Otero\" \/>\n<meta property=\"og:description\" content=\"he practice of Dr. Javier Romero-Otero focuses on the diagnosis, treatment, research and teaching of Urology.\" \/>\n<meta property=\"og:url\" content=\"https:\/\/drjromero-otero.com\/\" \/>\n<meta property=\"og:site_name\" content=\"Dr. Javier Romero Otero\" \/>\n<meta property=\"article:modified_time\" content=\"2024-10-23T12:37:04+00:00\" \/>\n<meta property=\"og:image\" content=\"https:\/\/drjromero-otero.com\/wp-content\/uploads\/2020\/07\/dr-romero-otero.jpg\" \/>\n\t<meta property=\"og:image:width\" content=\"500\" \/>\n\t<meta property=\"og:image:height\" content=\"500\" \/>\n\t<meta property=\"og:image:type\" content=\"image\/jpeg\" \/>\n<meta name=\"twitter:card\" content=\"summary_large_image\" \/>\n<meta name=\"twitter:site\" content=\"@dr_romero_otero\" \/>\n<meta name=\"twitter:label1\" content=\"Est. reading time\" \/>\n\t<meta name=\"twitter:data1\" content=\"2 minutes\" \/>\n<script type=\"application\/ld+json\" class=\"yoast-schema-graph\">{\"@context\":\"https:\\\/\\\/schema.org\",\"@graph\":[{\"@type\":\"WebPage\",\"@id\":\"https:\\\/\\\/drjromero-otero.com\\\/\",\"url\":\"https:\\\/\\\/drjromero-otero.com\\\/\",\"name\":\"Home | Doctor Javier Romero Otero\",\"isPartOf\":{\"@id\":\"https:\\\/\\\/drjromero-otero.com\\\/#website\"},\"datePublished\":\"2021-09-20T08:52:05+00:00\",\"dateModified\":\"2024-10-23T12:37:04+00:00\",\"description\":\"The practice of Dr. Javier Romero-Otero focuses on the diagnosis, treatment, research and teaching of Urology.\",\"breadcrumb\":{\"@id\":\"https:\\\/\\\/drjromero-otero.com\\\/#breadcrumb\"},\"inLanguage\":\"en-US\",\"potentialAction\":[{\"@type\":\"ReadAction\",\"target\":[\"https:\\\/\\\/drjromero-otero.com\\\/\"]}]},{\"@type\":\"BreadcrumbList\",\"@id\":\"https:\\\/\\\/drjromero-otero.com\\\/#breadcrumb\",\"itemListElement\":[{\"@type\":\"ListItem\",\"position\":1,\"name\":\"Portada\",\"item\":\"https:\\\/\\\/drjromero-otero.com\\\/\"},{\"@type\":\"ListItem\",\"position\":2,\"name\":\"Home\"}]},{\"@type\":\"WebSite\",\"@id\":\"https:\\\/\\\/drjromero-otero.com\\\/#website\",\"url\":\"https:\\\/\\\/drjromero-otero.com\\\/\",\"name\":\"Dr. Javier Romero Otero\",\"description\":\"\",\"publisher\":{\"@id\":\"https:\\\/\\\/drjromero-otero.com\\\/#organization\"},\"potentialAction\":[{\"@type\":\"SearchAction\",\"target\":{\"@type\":\"EntryPoint\",\"urlTemplate\":\"https:\\\/\\\/drjromero-otero.com\\\/?s={search_term_string}\"},\"query-input\":{\"@type\":\"PropertyValueSpecification\",\"valueRequired\":true,\"valueName\":\"search_term_string\"}}],\"inLanguage\":\"en-US\"},{\"@type\":\"Organization\",\"@id\":\"https:\\\/\\\/drjromero-otero.com\\\/#organization\",\"name\":\"Dr. Javier Romero Otero\",\"url\":\"https:\\\/\\\/drjromero-otero.com\\\/\",\"logo\":{\"@type\":\"ImageObject\",\"inLanguage\":\"en-US\",\"@id\":\"https:\\\/\\\/drjromero-otero.com\\\/#\\\/schema\\\/logo\\\/image\\\/\",\"url\":\"https:\\\/\\\/drjromero-otero.com\\\/wp-content\\\/uploads\\\/2022\\\/10\\\/cropped-Logo-JRO.png\",\"contentUrl\":\"https:\\\/\\\/drjromero-otero.com\\\/wp-content\\\/uploads\\\/2022\\\/10\\\/cropped-Logo-JRO.png\",\"width\":160,\"height\":90,\"caption\":\"Dr. Javier Romero Otero\"},\"image\":{\"@id\":\"https:\\\/\\\/drjromero-otero.com\\\/#\\\/schema\\\/logo\\\/image\\\/\"},\"sameAs\":[\"https:\\\/\\\/x.com\\\/dr_romero_otero\",\"https:\\\/\\\/www.instagram.com\\\/p\\\/t-OPxnFMNW\\\/\",\"https:\\\/\\\/es.linkedin.com\\\/in\\\/javier-romero-otero-71033161\",\"https:\\\/\\\/www.youtube.com\\\/channel\\\/UC3beQNUP47gDwPlqBtl6Wdw\"]}]}<\/script>\n<!-- \/ Yoast SEO plugin. -->","yoast_head_json":{"title":"Home | Doctor Javier Romero Otero","description":"The practice of Dr. Javier Romero-Otero focuses on the diagnosis, treatment, research and teaching of Urology.","robots":{"index":"index","follow":"follow","max-snippet":"max-snippet:-1","max-image-preview":"max-image-preview:large","max-video-preview":"max-video-preview:-1"},"og_locale":"en_US","og_type":"article","og_title":"Dr. Javier Romero-Otero","og_description":"he practice of Dr. Javier Romero-Otero focuses on the diagnosis, treatment, research and teaching of Urology.","og_url":"https:\/\/drjromero-otero.com\/","og_site_name":"Dr. Javier Romero Otero","article_modified_time":"2024-10-23T12:37:04+00:00","og_image":[{"width":500,"height":500,"url":"https:\/\/drjromero-otero.com\/wp-content\/uploads\/2020\/07\/dr-romero-otero.jpg","type":"image\/jpeg"}],"twitter_card":"summary_large_image","twitter_site":"@dr_romero_otero","twitter_misc":{"Est. reading time":"2 minutes"},"schema":{"@context":"https:\/\/schema.org","@graph":[{"@type":"WebPage","@id":"https:\/\/drjromero-otero.com\/","url":"https:\/\/drjromero-otero.com\/","name":"Home | Doctor Javier Romero Otero","isPartOf":{"@id":"https:\/\/drjromero-otero.com\/#website"},"datePublished":"2021-09-20T08:52:05+00:00","dateModified":"2024-10-23T12:37:04+00:00","description":"The practice of Dr. Javier Romero-Otero focuses on the diagnosis, treatment, research and teaching of Urology.","breadcrumb":{"@id":"https:\/\/drjromero-otero.com\/#breadcrumb"},"inLanguage":"en-US","potentialAction":[{"@type":"ReadAction","target":["https:\/\/drjromero-otero.com\/"]}]},{"@type":"BreadcrumbList","@id":"https:\/\/drjromero-otero.com\/#breadcrumb","itemListElement":[{"@type":"ListItem","position":1,"name":"Portada","item":"https:\/\/drjromero-otero.com\/"},{"@type":"ListItem","position":2,"name":"Home"}]},{"@type":"WebSite","@id":"https:\/\/drjromero-otero.com\/#website","url":"https:\/\/drjromero-otero.com\/","name":"Dr. Javier Romero Otero","description":"","publisher":{"@id":"https:\/\/drjromero-otero.com\/#organization"},"potentialAction":[{"@type":"SearchAction","target":{"@type":"EntryPoint","urlTemplate":"https:\/\/drjromero-otero.com\/?s={search_term_string}"},"query-input":{"@type":"PropertyValueSpecification","valueRequired":true,"valueName":"search_term_string"}}],"inLanguage":"en-US"},{"@type":"Organization","@id":"https:\/\/drjromero-otero.com\/#organization","name":"Dr. Javier Romero Otero","url":"https:\/\/drjromero-otero.com\/","logo":{"@type":"ImageObject","inLanguage":"en-US","@id":"https:\/\/drjromero-otero.com\/#\/schema\/logo\/image\/","url":"https:\/\/drjromero-otero.com\/wp-content\/uploads\/2022\/10\/cropped-Logo-JRO.png","contentUrl":"https:\/\/drjromero-otero.com\/wp-content\/uploads\/2022\/10\/cropped-Logo-JRO.png","width":160,"height":90,"caption":"Dr. Javier Romero Otero"},"image":{"@id":"https:\/\/drjromero-otero.com\/#\/schema\/logo\/image\/"},"sameAs":["https:\/\/x.com\/dr_romero_otero","https:\/\/www.instagram.com\/p\/t-OPxnFMNW\/","https:\/\/es.linkedin.com\/in\/javier-romero-otero-71033161","https:\/\/www.youtube.com\/channel\/UC3beQNUP47gDwPlqBtl6Wdw"]}]}},"_links":{"self":[{"href":"https:\/\/drjromero-otero.com\/en\/wp-json\/wp\/v2\/pages\/25762","targetHints":{"allow":["GET"]}}],"collection":[{"href":"https:\/\/drjromero-otero.com\/en\/wp-json\/wp\/v2\/pages"}],"about":[{"href":"https:\/\/drjromero-otero.com\/en\/wp-json\/wp\/v2\/types\/page"}],"author":[{"embeddable":true,"href":"https:\/\/drjromero-otero.com\/en\/wp-json\/wp\/v2\/users\/1"}],"replies":[{"embeddable":true,"href":"https:\/\/drjromero-otero.com\/en\/wp-json\/wp\/v2\/comments?post=25762"}],"version-history":[{"count":40,"href":"https:\/\/drjromero-otero.com\/en\/wp-json\/wp\/v2\/pages\/25762\/revisions"}],"predecessor-version":[{"id":41531,"href":"https:\/\/drjromero-otero.com\/en\/wp-json\/wp\/v2\/pages\/25762\/revisions\/41531"}],"wp:attachment":[{"href":"https:\/\/drjromero-otero.com\/en\/wp-json\/wp\/v2\/media?parent=25762"}],"curies":[{"name":"wp","href":"https:\/\/api.w.org\/{rel}","templated":true}]}}